{"id":85,"date":"2023-10-30T13:50:28","date_gmt":"2023-10-30T12:50:28","guid":{"rendered":"https:\/\/academyajedrez.com\/?post_type=product&#038;p=85"},"modified":"2023-10-31T10:40:32","modified_gmt":"2023-10-31T09:40:32","slug":"trucos-de-aperturas-para-ninos","status":"publish","type":"product","link":"https:\/\/academyajedrez.com\/index.php\/producto\/trucos-de-aperturas-para-ninos\/","title":{"rendered":"Trucos De Aperturas Para Ni\u00f1os"},"content":{"rendered":"\n<p>Con este libro los ni\u00f1os aprende celadas de apertura de forma l\u00fadica y divertida. El autor llama a estas celadas &#8220;trucos&#8221;que les llevar\u00e1n a&nbsp;descubrir&nbsp;entresijos en posiciones de aperturas. Adem\u00e1s, estos entresijos pueden llevar a los ni\u00f1os a otras l\u00edneas similares donde&nbsp;aprender\u00e1n&nbsp;como refutar una mala jugada de su adversario.&nbsp;<\/p>\n\n\n\n<p>Este ejemplar viene en tapa r\u00fastica, con unas medidas de&nbsp;17 x 22&#8217;5 cm y 128 p\u00e1ginas.&nbsp;<\/p>\n","protected":false},"excerpt":{"rendered":"<p>Referencia: 978 -84-1204-101-9<\/p>\n","protected":false},"featured_media":88,"comment_status":"open","ping_status":"closed","template":"","meta":{"jetpack_post_was_ever_published":false},"product_cat":[25,34],"product_tag":[27,35],"class_list":["post-85","product","type-product","status-publish","has-post-thumbnail","hentry","product_cat-ajedrez","product_cat-libros","product_tag-ajedrez","product_tag-libros"],"jetpack_sharing_enabled":true,"_links":{"self":[{"href":"https:\/\/academyajedrez.com\/index.php\/wp-json\/wp\/v2\/product\/85","targetHints":{"allow":["GET"]}}],"collection":[{"href":"https:\/\/academyajedrez.com\/index.php\/wp-json\/wp\/v2\/product"}],"about":[{"href":"https:\/\/academyajedrez.com\/index.php\/wp-json\/wp\/v2\/types\/product"}],"replies":[{"embeddable":true,"href":"https:\/\/academyajedrez.com\/index.php\/wp-json\/wp\/v2\/comments?post=85"}],"wp:featuredmedia":[{"embeddable":true,"href":"https:\/\/academyajedrez.com\/index.php\/wp-json\/wp\/v2\/media\/88"}],"wp:attachment":[{"href":"https:\/\/academyajedrez.com\/index.php\/wp-json\/wp\/v2\/media?parent=85"}],"wp:term":[{"taxonomy":"product_cat","embeddable":true,"href":"https:\/\/academyajedrez.com\/index.php\/wp-json\/wp\/v2\/product_cat?post=85"},{"taxonomy":"product_tag","embeddable":true,"href":"https:\/\/academyajedrez.com\/index.php\/wp-json\/wp\/v2\/product_tag?post=85"}],"curies":[{"name":"wp","href":"https:\/\/api.w.org\/{rel}","templated":true}]}}