{"id":82,"date":"2023-10-30T13:46:23","date_gmt":"2023-10-30T12:46:23","guid":{"rendered":"https:\/\/academyajedrez.com\/?post_type=product&#038;p=82"},"modified":"2023-10-30T13:49:15","modified_gmt":"2023-10-30T12:49:15","slug":"ocachess","status":"publish","type":"product","link":"https:\/\/academyajedrez.com\/index.php\/producto\/ocachess\/","title":{"rendered":"OCACHESS"},"content":{"rendered":"\n<p><strong>Ocachess, un nuevo juego para ni\u00f1os<\/strong><\/p>\n\n\n\n<p>Est\u00e1 concebido especialmente para ni\u00f1os de m\u00e1s de 6 a\u00f1os, que se est\u00e9n iniciando en el juego del ajedrez. Es ideal para jugar en familia, pues pueden jugadores de 2 a 4 jugadores.<\/p>\n\n\n\n<p>Nace como una herramienta formidable para su uso en colegios, como actividad l\u00fadica que permite aprender el juego del ajedrez y sus reglas de una forma divertida.<\/p>\n\n\n\n<p>Ocachess propone dos niveles de juego: b\u00e1sico y experto, con 160 preguntas y 160 retos matem\u00e1ticos (otro de los rasgos diferenciadores del juego).<br>As\u00ed, junto a la asimilaci\u00f3n de conceptos fundamentales de ajedrez, el ni\u00f1o consolida y aprende, casi de forma imperceptible, conocimientos de otras disciplinas como la l\u00f3gica o las matem\u00e1ticas.<\/p>\n\n\n\n<p><strong>OBJETIVOS<\/strong><\/p>\n\n\n\n<p>\u2022Aprender conceptos b\u00e1sicos &nbsp;y tambi\u00e9n avanzados de ajedrez<\/p>\n\n\n\n<p>\u2022 Resolver retos matem\u00e1ticos relacionados con el ajedrez para familiarizarse con aspectos propios del juego y de paso adquirir destreza en cuestiones l\u00f3gico-matem\u00e1ticas<\/p>\n\n\n\n<p>\u2022 Aprender de manera divertida. Divertirse en el proceso de aprendizaje<\/p>\n\n\n\n<p>\u2022 Estimular la atenci\u00f3n, la memoria, incitar a la reflexi\u00f3n, y a \u00a0la aceptaci\u00f3n de las normas en grupo<br>\u2022 Aprender a relacionarse con adultos y otros ni\u00f1os<\/p>\n","protected":false},"excerpt":{"rendered":"<p>El OCACHESS Nace Por La Necesidad De Buscar Recursos Educativos Eficaces Para La Ense\u00f1anaza Del Ajedrez A Los M\u00e1s Peque\u00f1os.<\/p>\n","protected":false},"featured_media":84,"comment_status":"open","ping_status":"closed","template":"","meta":{"jetpack_post_was_ever_published":false},"product_cat":[25,32],"product_tag":[27,33],"class_list":["post-82","product","type-product","status-publish","has-post-thumbnail","hentry","product_cat-ajedrez","product_cat-juegos","product_tag-ajedrez","product_tag-juegos"],"jetpack_sharing_enabled":true,"_links":{"self":[{"href":"https:\/\/academyajedrez.com\/index.php\/wp-json\/wp\/v2\/product\/82","targetHints":{"allow":["GET"]}}],"collection":[{"href":"https:\/\/academyajedrez.com\/index.php\/wp-json\/wp\/v2\/product"}],"about":[{"href":"https:\/\/academyajedrez.com\/index.php\/wp-json\/wp\/v2\/types\/product"}],"replies":[{"embeddable":true,"href":"https:\/\/academyajedrez.com\/index.php\/wp-json\/wp\/v2\/comments?post=82"}],"wp:featuredmedia":[{"embeddable":true,"href":"https:\/\/academyajedrez.com\/index.php\/wp-json\/wp\/v2\/media\/84"}],"wp:attachment":[{"href":"https:\/\/academyajedrez.com\/index.php\/wp-json\/wp\/v2\/media?parent=82"}],"wp:term":[{"taxonomy":"product_cat","embeddable":true,"href":"https:\/\/academyajedrez.com\/index.php\/wp-json\/wp\/v2\/product_cat?post=82"},{"taxonomy":"product_tag","embeddable":true,"href":"https:\/\/academyajedrez.com\/index.php\/wp-json\/wp\/v2\/product_tag?post=82"}],"curies":[{"name":"wp","href":"https:\/\/api.w.org\/{rel}","templated":true}]}}