{"id":55,"date":"2023-10-30T11:37:41","date_gmt":"2023-10-30T10:37:41","guid":{"rendered":"https:\/\/academyajedrez.com\/?post_type=product&#038;p=55"},"modified":"2023-10-31T10:34:43","modified_gmt":"2023-10-31T09:34:43","slug":"combinacion-piezas-plastico-tablero-ms","status":"publish","type":"product","link":"https:\/\/academyajedrez.com\/index.php\/producto\/combinacion-piezas-plastico-tablero-ms\/","title":{"rendered":"Combinaci\u00f3n Piezas Pl\u00e1stico + Tablero MS"},"content":{"rendered":"\n<p>Combinaci\u00f3n de oferta! Nuestras piezas ligeras de pl\u00e1stico y el tablero de pl\u00e1stico MS se han unido en esta econ\u00f3mica combinaci\u00f3n.<\/p>\n","protected":false},"excerpt":{"rendered":"<p>Combinaci\u00f3n de oferta! Nuestras piezas ligeras de pl\u00e1stico y el tablero de pl\u00e1stico MS se han unido en esta econ\u00f3mica combinaci\u00f3n.<\/p>\n","protected":false},"featured_media":59,"comment_status":"open","ping_status":"closed","template":"","meta":{"jetpack_post_was_ever_published":false},"product_cat":[25,28,24],"product_tag":[27,29,26],"class_list":["post-55","product","type-product","status-publish","has-post-thumbnail","hentry","product_cat-ajedrez","product_cat-piezas","product_cat-tableros","product_tag-ajedrez","product_tag-piezas","product_tag-tablero"],"jetpack_sharing_enabled":true,"_links":{"self":[{"href":"https:\/\/academyajedrez.com\/index.php\/wp-json\/wp\/v2\/product\/55","targetHints":{"allow":["GET"]}}],"collection":[{"href":"https:\/\/academyajedrez.com\/index.php\/wp-json\/wp\/v2\/product"}],"about":[{"href":"https:\/\/academyajedrez.com\/index.php\/wp-json\/wp\/v2\/types\/product"}],"replies":[{"embeddable":true,"href":"https:\/\/academyajedrez.com\/index.php\/wp-json\/wp\/v2\/comments?post=55"}],"wp:featuredmedia":[{"embeddable":true,"href":"https:\/\/academyajedrez.com\/index.php\/wp-json\/wp\/v2\/media\/59"}],"wp:attachment":[{"href":"https:\/\/academyajedrez.com\/index.php\/wp-json\/wp\/v2\/media?parent=55"}],"wp:term":[{"taxonomy":"product_cat","embeddable":true,"href":"https:\/\/academyajedrez.com\/index.php\/wp-json\/wp\/v2\/product_cat?post=55"},{"taxonomy":"product_tag","embeddable":true,"href":"https:\/\/academyajedrez.com\/index.php\/wp-json\/wp\/v2\/product_tag?post=55"}],"curies":[{"name":"wp","href":"https:\/\/api.w.org\/{rel}","templated":true}]}}