{"id":113,"date":"2023-10-31T10:04:15","date_gmt":"2023-10-31T09:04:15","guid":{"rendered":"https:\/\/academyajedrez.com\/?post_type=product&#038;p=113"},"modified":"2023-10-31T10:25:05","modified_gmt":"2023-10-31T09:25:05","slug":"metodo-enigma-para-futuros-maestros-del-ajedrez-sin-limites","status":"publish","type":"product","link":"https:\/\/academyajedrez.com\/index.php\/producto\/metodo-enigma-para-futuros-maestros-del-ajedrez-sin-limites\/","title":{"rendered":"M\u00e9todo Enigma: Para futuros maestros del ajedrez (Sin l\u00edmites)"},"content":{"rendered":"\n<p><strong>Lecciones para aprender un concepto cada d\u00eda, ejercicios interactivos y actividades donde podr\u00e1s aplicar todo lo aprendido.<\/strong><\/p>\n\n\n\n<p>\u00bfQuieres ganar tus partidas de ajedrez? \u00bfConocer las mejores estrategias? \u00bfY descubrir las jugadas de los grandes ajedrecistas de la historia?<\/p>\n\n\n\n<p><strong>\u00a1Entonces necesitas el m\u00e9todo enigma!<\/strong><\/p>\n\n\n\n<p>Lecciones para mejorar tu t\u00e9cnica, ejercicios interactivos, an\u00e9cdotas, curiosidades y entrenamientos donde podr\u00e1s aplicar todo lo aprendido.<\/p>\n\n\n\n<p><br>Explora todo lo que necesitas saber sobre el tablero de la mano de Rey Enigma, ajedrecista profesional de identidad misteriosa que triunfa en redes sociales y ha llevado el ajedrez a los grandes plat\u00f3s de televisi\u00f3n.<\/p>\n\n\n\n<p><strong>LOS DIEZ MANDAMIENTOS DE LOS JAQUETONES:<\/strong><\/p>\n\n\n\n<p>Un jaquet\u00f3n:<\/p>\n\n\n\n<p>1. Nunca se rinde.<\/p>\n\n\n\n<p>2. Siempre juega limpio.<\/p>\n\n\n\n<p>3. No pone excusas.<\/p>\n\n\n\n<p>4. Se mantiene concentrado en todo momento.<\/p>\n\n\n\n<p>5. Trata de buscar siempre la mejor jugada.<\/p>\n\n\n\n<p>6. Nunca menosprecia las jugadas del rival.<\/p>\n\n\n\n<p>7. Siempre anima a otros jaquetones.<\/p>\n\n\n\n<p>8. No se conf\u00eda en posiciones ganadas.<\/p>\n\n\n\n<p>9. Nunca pierde: analiza cada derrota.<\/p>\n\n\n\n<p>10. Felicita al rival tras una buena partida.<\/p>\n\n\n\n<p><strong>ESTE LIBRO CONTIENE:<\/strong><\/p>\n\n\n\n<p><strong>*Consejos del Rey Enigma para mejorar tu t\u00e9cnica.<\/strong><\/p>\n\n\n\n<p><strong>*Ejercicios pr\u00e1cticos con sus soluciones.<\/strong><\/p>\n\n\n\n<p><strong>*Ejemplos de c\u00f3mo lo hacen los Grandes Maestros.<\/strong><\/p>\n\n\n\n<p><strong>*Curiosidades sobre el ajedrez.<\/strong><\/p>\n\n\n\n<p><strong>*Entrevistas a ajedrecistas profesionales.<\/strong><\/p>\n\n\n\n<p><strong>*\u00a1Y muchos secretos desvelados sobre su autor, el Rey Enigma!<\/strong><\/p>\n","protected":false},"excerpt":{"rendered":"<p>Tapa dura<\/p>\n","protected":false},"featured_media":119,"comment_status":"open","ping_status":"closed","template":"","meta":{"jetpack_post_was_ever_published":false},"product_cat":[25,34,18],"product_tag":[27,35],"class_list":["post-113","product","type-product","status-publish","has-post-thumbnail","hentry","product_cat-ajedrez","product_cat-libros","product_cat-sin-categorizar","product_tag-ajedrez","product_tag-libros"],"jetpack_sharing_enabled":true,"_links":{"self":[{"href":"https:\/\/academyajedrez.com\/index.php\/wp-json\/wp\/v2\/product\/113","targetHints":{"allow":["GET"]}}],"collection":[{"href":"https:\/\/academyajedrez.com\/index.php\/wp-json\/wp\/v2\/product"}],"about":[{"href":"https:\/\/academyajedrez.com\/index.php\/wp-json\/wp\/v2\/types\/product"}],"replies":[{"embeddable":true,"href":"https:\/\/academyajedrez.com\/index.php\/wp-json\/wp\/v2\/comments?post=113"}],"wp:featuredmedia":[{"embeddable":true,"href":"https:\/\/academyajedrez.com\/index.php\/wp-json\/wp\/v2\/media\/119"}],"wp:attachment":[{"href":"https:\/\/academyajedrez.com\/index.php\/wp-json\/wp\/v2\/media?parent=113"}],"wp:term":[{"taxonomy":"product_cat","embeddable":true,"href":"https:\/\/academyajedrez.com\/index.php\/wp-json\/wp\/v2\/product_cat?post=113"},{"taxonomy":"product_tag","embeddable":true,"href":"https:\/\/academyajedrez.com\/index.php\/wp-json\/wp\/v2\/product_tag?post=113"}],"curies":[{"name":"wp","href":"https:\/\/api.w.org\/{rel}","templated":true}]}}