{"id":25,"date":"2023-09-01T14:17:19","date_gmt":"2023-09-01T12:17:19","guid":{"rendered":"http:\/\/academyajedrez.com\/index.php\/home\/"},"modified":"2023-11-01T10:05:41","modified_gmt":"2023-11-01T09:05:41","slug":"home","status":"publish","type":"page","link":"https:\/\/academyajedrez.com\/","title":{"rendered":"Inicio"},"content":{"rendered":"\n\n\n\n\n\n\n\n<div data-block-name=\"woocommerce\/featured-product\" data-dim-ratio=\"30\" data-edit-mode=\"false\" data-focal-point=\"{&quot;x&quot;:0.44,&quot;y&quot;:0.49}\" data-product-id=\"55\" class=\"wc-block-featured-product alignnone has-background-dim has-background-dim-30 wp-block-woocommerce-featured-product\" style=\"min-height:500px;\"><div class=\"wc-block-featured-product__wrapper\"><div class=\"background-dim__overlay\" style=\"background-color: #000000\"><\/div><img decoding=\"async\" alt=\"Combinaci\u00f3n Piezas Pl\u00e1stico + Tablero MS\" class=\"wc-block-featured-product__background-image\" src=\"https:\/\/academyajedrez.com\/wp-content\/uploads\/2023\/10\/combinacion-piezas-plastico-tablero-ms.jpg\" style=\"object-fit: none;object-position: 44% 49%;\" \/><h2 class=\"wc-block-featured-product__title\">Combinaci\u00f3n Piezas Pl\u00e1stico + Tablero MS<\/h2><div class=\"wc-block-featured-product__description\"><p>Combinaci\u00f3n de oferta! Nuestras piezas ligeras de pl\u00e1stico y el tablero de pl\u00e1stico MS se han unido en esta econ\u00f3mica combinaci\u00f3n.<\/p>\n<\/div><div class=\"wc-block-featured-product__price\"><span class=\"woocommerce-Price-amount amount\">30,00&nbsp;<span class=\"woocommerce-Price-currencySymbol\">&euro;<\/span><\/span><\/div><div class=\"wc-block-featured-product__link\">\n\n<div class=\"wp-block-buttons is-content-justification-center is-layout-flex wp-container-core-buttons-is-layout-a89b3969 wp-block-buttons-is-layout-flex\">\n<div class=\"wp-block-button\"><a class=\"wp-block-button__link wp-element-button\" href=\"https:\/\/academyajedrez.com\/index.php\/producto\/combinacion-piezas-plastico-tablero-ms\/\">Comprar ahora<\/a><\/div>\n<\/div>\n\n<\/div><\/div><\/div>","protected":false},"excerpt":{"rendered":"","protected":false},"author":1,"featured_media":0,"parent":0,"menu_order":0,"comment_status":"closed","ping_status":"closed","template":"","meta":{"jetpack_post_was_ever_published":false,"footnotes":""},"class_list":["post-25","page","type-page","status-publish","hentry"],"jetpack_sharing_enabled":true,"_links":{"self":[{"href":"https:\/\/academyajedrez.com\/index.php\/wp-json\/wp\/v2\/pages\/25","targetHints":{"allow":["GET"]}}],"collection":[{"href":"https:\/\/academyajedrez.com\/index.php\/wp-json\/wp\/v2\/pages"}],"about":[{"href":"https:\/\/academyajedrez.com\/index.php\/wp-json\/wp\/v2\/types\/page"}],"author":[{"embeddable":true,"href":"https:\/\/academyajedrez.com\/index.php\/wp-json\/wp\/v2\/users\/1"}],"replies":[{"embeddable":true,"href":"https:\/\/academyajedrez.com\/index.php\/wp-json\/wp\/v2\/comments?post=25"}],"version-history":[{"count":7,"href":"https:\/\/academyajedrez.com\/index.php\/wp-json\/wp\/v2\/pages\/25\/revisions"}],"predecessor-version":[{"id":152,"href":"https:\/\/academyajedrez.com\/index.php\/wp-json\/wp\/v2\/pages\/25\/revisions\/152"}],"wp:attachment":[{"href":"https:\/\/academyajedrez.com\/index.php\/wp-json\/wp\/v2\/media?parent=25"}],"curies":[{"name":"wp","href":"https:\/\/api.w.org\/{rel}","templated":true}]}}